{"id":7378,"date":"2022-05-18T10:11:01","date_gmt":"2022-05-18T10:11:01","guid":{"rendered":"https:\/\/www.triecologic.pt\/produto\/saco-kraft-com-janela-transparente-natureflex-216-x-216-mm\/"},"modified":"2023-04-09T14:00:08","modified_gmt":"2023-04-09T14:00:08","slug":"saco-kraft-com-janela-transparente-natureflex-216-x-216-mm","status":"publish","type":"product","link":"https:\/\/www.triecologic.pt\/es\/produto\/saco-kraft-com-janela-transparente-natureflex-216-x-216-mm\/","title":{"rendered":"Saco Kraft com janela transparente Natureflex 216 x 216 mm"},"content":{"rendered":"<p class=\"qtranxs-available-languages-message qtranxs-available-languages-message-es\">Disculpa, pero esta entrada est\u00e1 disponible s\u00f3lo en <a href=\"https:\/\/www.triecologic.pt\/pt\/wp-json\/wp\/v2\/product\/7378\" class=\"qtranxs-available-language-link qtranxs-available-language-link-pt\" title=\"Portugu\u00eas\">Portugu\u00eas<\/a>.<\/p>Um estilo cl\u00e1ssico! Saco em papel kraft reciclado, com uma janela transparente em NatureFlex, uma pel\u00edcula transparente anti gordura feita de polpa de madeira. Perfeito para sandu\u00edches, biscoitos ou paninis. Tem uma impress\u00e3o a verde, feito com tintas ecol\u00f3gicas.","protected":false},"excerpt":{"rendered":"<p>Disculpa, pero esta entrada est\u00e1 disponible s\u00f3lo en Portugu\u00eas.Um estilo cl\u00e1ssico! Saco em papel kraft reciclado, com uma janela transparente em NatureFlex, uma pel\u00edcula transparente anti gordura feita de polpa de madeira. Perfeito para sandu\u00edches, biscoitos ou paninis. Tem uma impress\u00e3o a verde, feito com tintas ecol\u00f3gicas.<\/p>\n","protected":false},"featured_media":9446,"template":"","meta":{"_joinchat":[]},"product_cat":[283,235,279,246,256,255,245],"product_tag":[],"class_list":["post-7378","product","type-product","status-publish","has-post-thumbnail","hentry","product_cat-agricultura","product_cat-delivery-e-takeaway","product_cat-horeca","product_cat-linha-pastelaria","product_cat-sacos","product_cat-sacos-involucros-e-folhas","product_cat-warps-e-sanduiches","product_marca-vegware","material-papel","certificados-astm-d6400","certificados-bpi-compostable","certificados-contacto-alimentar","certificados-en13432","certificados-fsc","certificados-tuv-austria-ok-compost"],"_links":{"self":[{"href":"https:\/\/www.triecologic.pt\/es\/wp-json\/wp\/v2\/product\/7378","targetHints":{"allow":["GET"]}}],"collection":[{"href":"https:\/\/www.triecologic.pt\/es\/wp-json\/wp\/v2\/product"}],"about":[{"href":"https:\/\/www.triecologic.pt\/es\/wp-json\/wp\/v2\/types\/product"}],"wp:featuredmedia":[{"embeddable":true,"href":"https:\/\/www.triecologic.pt\/es\/wp-json\/wp\/v2\/media\/9446"}],"wp:attachment":[{"href":"https:\/\/www.triecologic.pt\/es\/wp-json\/wp\/v2\/media?parent=7378"}],"wp:term":[{"taxonomy":"product_cat","embeddable":true,"href":"https:\/\/www.triecologic.pt\/es\/wp-json\/wp\/v2\/product_cat?post=7378"},{"taxonomy":"product_tag","embeddable":true,"href":"https:\/\/www.triecologic.pt\/es\/wp-json\/wp\/v2\/product_tag?post=7378"}],"curies":[{"name":"wp","href":"https:\/\/api.w.org\/{rel}","templated":true}]}}