{"id":7373,"date":"2022-05-18T10:11:01","date_gmt":"2022-05-18T10:11:01","guid":{"rendered":"https:\/\/www.triecologic.pt\/produto\/tampa-rasa-opaca-para-quentes-90-mm\/"},"modified":"2023-04-11T21:53:31","modified_gmt":"2023-04-11T21:53:31","slug":"tampa-rasa-opaca-para-quentes-90-mm","status":"publish","type":"product","link":"https:\/\/www.triecologic.pt\/es\/produto\/tampa-rasa-opaca-para-quentes-90-mm\/","title":{"rendered":"Tampa rasa opaca para quentes 90 mm"},"content":{"rendered":"<p class=\"qtranxs-available-languages-message qtranxs-available-languages-message-es\">Disculpa, pero esta entrada est\u00e1 disponible s\u00f3lo en <a href=\"https:\/\/www.triecologic.pt\/pt\/wp-json\/wp\/v2\/product\/7373\" class=\"qtranxs-available-language-link qtranxs-available-language-link-pt\" title=\"Portugu\u00eas\">Portugu\u00eas<\/a>.<\/p>Tampas rasas opacas, feitas \u00e0 base de plantas. Resistentes a temperaturas at\u00e9 aos 85\u00baC. CPLA \u2013 PLA cristalizado pr\u00f3prio para temperaturas quentes (biopolimero feito \u00e0 base de plantas e n\u00e3o do petr\u00f3leo).","protected":false},"excerpt":{"rendered":"<p>Disculpa, pero esta entrada est\u00e1 disponible s\u00f3lo en Portugu\u00eas.Tampas rasas opacas, feitas \u00e0 base de plantas. Resistentes a temperaturas at\u00e9 aos 85\u00baC. CPLA \u2013 PLA cristalizado pr\u00f3prio para temperaturas quentes (biopolimero feito \u00e0 base de plantas e n\u00e3o do petr\u00f3leo).<\/p>\n","protected":false},"featured_media":9441,"template":"","meta":{"_joinchat":[]},"product_cat":[235,279,240,238,237,234],"product_tag":[],"class_list":["post-7373","product","type-product","status-publish","has-post-thumbnail","hentry","product_cat-delivery-e-takeaway","product_cat-horeca","product_cat-linha-geladaria","product_cat-linha-sushi","product_cat-saladas","product_cat-sopas-e-sobremesas","product_marca-vegware","material-cpla","certificados-astm-d6400","certificados-bpi-compostable","certificados-contacto-alimentar","certificados-en13432","certificados-fsc","certificados-tuv-austria-ok-compost"],"_links":{"self":[{"href":"https:\/\/www.triecologic.pt\/es\/wp-json\/wp\/v2\/product\/7373","targetHints":{"allow":["GET"]}}],"collection":[{"href":"https:\/\/www.triecologic.pt\/es\/wp-json\/wp\/v2\/product"}],"about":[{"href":"https:\/\/www.triecologic.pt\/es\/wp-json\/wp\/v2\/types\/product"}],"wp:featuredmedia":[{"embeddable":true,"href":"https:\/\/www.triecologic.pt\/es\/wp-json\/wp\/v2\/media\/9441"}],"wp:attachment":[{"href":"https:\/\/www.triecologic.pt\/es\/wp-json\/wp\/v2\/media?parent=7373"}],"wp:term":[{"taxonomy":"product_cat","embeddable":true,"href":"https:\/\/www.triecologic.pt\/es\/wp-json\/wp\/v2\/product_cat?post=7373"},{"taxonomy":"product_tag","embeddable":true,"href":"https:\/\/www.triecologic.pt\/es\/wp-json\/wp\/v2\/product_tag?post=7373"}],"curies":[{"name":"wp","href":"https:\/\/api.w.org\/{rel}","templated":true}]}}