{"id":7368,"date":"2022-05-18T10:11:01","date_gmt":"2022-05-18T10:11:01","guid":{"rendered":"https:\/\/www.triecologic.pt\/produto\/saco-transparente-natureflex-2\/"},"modified":"2023-04-10T12:16:52","modified_gmt":"2023-04-10T12:16:52","slug":"saco-transparente-natureflex-2","status":"publish","type":"product","link":"https:\/\/www.triecologic.pt\/es\/produto\/saco-transparente-natureflex-2\/","title":{"rendered":"Saco transparente NatureFlex"},"content":{"rendered":"<p class=\"qtranxs-available-languages-message qtranxs-available-languages-message-es\">Disculpa, pero esta entrada est\u00e1 disponible s\u00f3lo en <a href=\"https:\/\/www.triecologic.pt\/pt\/wp-json\/wp\/v2\/product\/7368\" class=\"qtranxs-available-language-link qtranxs-available-language-link-pt\" title=\"Portugu\u00eas\">Portugu\u00eas<\/a>.<\/p>Sacos transparentes, poss\u00edveis de compostagem dom\u00e9stica. S\u00e3o robustos e vers\u00e1teis. Podem ser fechados com um eco-autocolante ou simplesmente com termoselagem. Feito em NatureFlex, um material feito \u00e0 base de polpa de madeira.<\/p>","protected":false},"excerpt":{"rendered":"<p>Disculpa, pero esta entrada est\u00e1 disponible s\u00f3lo en Portugu\u00eas.Sacos transparentes, poss\u00edveis de compostagem dom\u00e9stica. S\u00e3o robustos e vers\u00e1teis. Podem ser fechados com um eco-autocolante ou simplesmente com termoselagem. Feito em NatureFlex, um material feito \u00e0 base de polpa de madeira.<\/p>\n","protected":false},"featured_media":9436,"template":"","meta":{"_joinchat":[]},"product_cat":[283,235,279,246,256,255,245],"product_tag":[],"class_list":["post-7368","product","type-product","status-publish","has-post-thumbnail","hentry","product_cat-agricultura","product_cat-delivery-e-takeaway","product_cat-horeca","product_cat-linha-pastelaria","product_cat-sacos","product_cat-sacos-involucros-e-folhas","product_cat-warps-e-sanduiches","product_marca-vegware","material-naturflex","certificados-astm-d6400","certificados-bpi-compostable","certificados-contacto-alimentar","certificados-en13432","certificados-fsc","certificados-tuv-austria-ok-compost"],"_links":{"self":[{"href":"https:\/\/www.triecologic.pt\/es\/wp-json\/wp\/v2\/product\/7368","targetHints":{"allow":["GET"]}}],"collection":[{"href":"https:\/\/www.triecologic.pt\/es\/wp-json\/wp\/v2\/product"}],"about":[{"href":"https:\/\/www.triecologic.pt\/es\/wp-json\/wp\/v2\/types\/product"}],"wp:featuredmedia":[{"embeddable":true,"href":"https:\/\/www.triecologic.pt\/es\/wp-json\/wp\/v2\/media\/9436"}],"wp:attachment":[{"href":"https:\/\/www.triecologic.pt\/es\/wp-json\/wp\/v2\/media?parent=7368"}],"wp:term":[{"taxonomy":"product_cat","embeddable":true,"href":"https:\/\/www.triecologic.pt\/es\/wp-json\/wp\/v2\/product_cat?post=7368"},{"taxonomy":"product_tag","embeddable":true,"href":"https:\/\/www.triecologic.pt\/es\/wp-json\/wp\/v2\/product_tag?post=7368"}],"curies":[{"name":"wp","href":"https:\/\/api.w.org\/{rel}","templated":true}]}}