{"id":7360,"date":"2022-05-18T10:11:01","date_gmt":"2022-05-18T10:11:01","guid":{"rendered":"https:\/\/www.triecologic.pt\/produto\/tampa-branca-fechada-para-copo-de-bebidas-quentes-62-mm\/"},"modified":"2023-04-11T22:10:40","modified_gmt":"2023-04-11T22:10:40","slug":"tampa-branca-fechada-para-copo-de-bebidas-quentes-62-mm","status":"publish","type":"product","link":"https:\/\/www.triecologic.pt\/es\/produto\/tampa-branca-fechada-para-copo-de-bebidas-quentes-62-mm\/","title":{"rendered":"Tampa branca fechada para copo de bebidas quentes 62 mm"},"content":{"rendered":"<p class=\"qtranxs-available-languages-message qtranxs-available-languages-message-es\">Disculpa, pero esta entrada est\u00e1 disponible s\u00f3lo en <a href=\"https:\/\/www.triecologic.pt\/pt\/wp-json\/wp\/v2\/product\/7360\" class=\"qtranxs-available-language-link qtranxs-available-language-link-pt\" title=\"Portugu\u00eas\">Portugu\u00eas<\/a>.<\/p>Tampa para os copos de caf\u00e9 de 62 mm de di\u00e2metro. Por n\u00e3o ter bocal, esta tampa transforma os copos de caf\u00e9 em pequenos doseadores para pequenas por\u00e7\u00f5es de alimentos, tais como um snack de ervilhas ou at\u00e9 mesmo um pote para molho quente. CPLA \u2013 PLA cristalizado pr\u00f3prio para temperaturas quentes (biopolimero feito \u00e0 base de plantas e n\u00e3o do petr\u00f3leo).","protected":false},"excerpt":{"rendered":"<p>Disculpa, pero esta entrada est\u00e1 disponible s\u00f3lo en Portugu\u00eas.Tampa para os copos de caf\u00e9 de 62 mm de di\u00e2metro. Por n\u00e3o ter bocal, esta tampa transforma os copos de caf\u00e9 em pequenos doseadores para pequenas por\u00e7\u00f5es de alimentos, tais como um snack de ervilhas ou at\u00e9 mesmo um pote para molho quente. CPLA \u2013 PLA [&hellip;]<\/p>\n","protected":false},"featured_media":9428,"template":"","meta":{"_joinchat":[]},"product_cat":[249,235,250,279,246],"product_tag":[],"class_list":["post-7360","product","type-product","status-publish","has-post-thumbnail","hentry","product_cat-copos-papel","product_cat-delivery-e-takeaway","product_cat-doseadores","product_cat-horeca","product_cat-linha-pastelaria","product_marca-vegware","material-cpla","certificados-astm-d6400","certificados-bpi-compostable","certificados-contacto-alimentar","certificados-en13432","certificados-fsc","certificados-tuv-austria-ok-compost"],"_links":{"self":[{"href":"https:\/\/www.triecologic.pt\/es\/wp-json\/wp\/v2\/product\/7360","targetHints":{"allow":["GET"]}}],"collection":[{"href":"https:\/\/www.triecologic.pt\/es\/wp-json\/wp\/v2\/product"}],"about":[{"href":"https:\/\/www.triecologic.pt\/es\/wp-json\/wp\/v2\/types\/product"}],"wp:featuredmedia":[{"embeddable":true,"href":"https:\/\/www.triecologic.pt\/es\/wp-json\/wp\/v2\/media\/9428"}],"wp:attachment":[{"href":"https:\/\/www.triecologic.pt\/es\/wp-json\/wp\/v2\/media?parent=7360"}],"wp:term":[{"taxonomy":"product_cat","embeddable":true,"href":"https:\/\/www.triecologic.pt\/es\/wp-json\/wp\/v2\/product_cat?post=7360"},{"taxonomy":"product_tag","embeddable":true,"href":"https:\/\/www.triecologic.pt\/es\/wp-json\/wp\/v2\/product_tag?post=7360"}],"curies":[{"name":"wp","href":"https:\/\/api.w.org\/{rel}","templated":true}]}}