{"id":7358,"date":"2022-05-18T10:11:00","date_gmt":"2022-05-18T10:11:00","guid":{"rendered":"https:\/\/www.triecologic.pt\/produto\/palhinha-branca-6-mm-em-papel-embalada\/"},"modified":"2023-04-11T16:21:25","modified_gmt":"2023-04-11T16:21:25","slug":"palhinha-branca-6-mm-em-papel-embalada","status":"publish","type":"product","link":"https:\/\/www.triecologic.pt\/es\/produto\/palhinha-branca-6-mm-em-papel-embalada\/","title":{"rendered":"Palhinha branca 6 mm em PAPEL, embalada"},"content":{"rendered":"<p class=\"qtranxs-available-languages-message qtranxs-available-languages-message-es\">Disculpa, pero esta entrada est\u00e1 disponible s\u00f3lo en <a href=\"https:\/\/www.triecologic.pt\/pt\/wp-json\/wp\/v2\/product\/7358\" class=\"qtranxs-available-language-link qtranxs-available-language-link-pt\" title=\"Portugu\u00eas\">Portugu\u00eas<\/a>.<\/p>Palhinhas brancas feitas 100% com papel premium e embrulhadas tamb\u00e9m em papel. Resistentes e duradouras em bebidas frias. Perfeitas para cocktails frios e refrigerantes. Fabricadas no Reino Unido, a partir de papel de origem sustent\u00e1vel.","protected":false},"excerpt":{"rendered":"<p>Disculpa, pero esta entrada est\u00e1 disponible s\u00f3lo en Portugu\u00eas.Palhinhas brancas feitas 100% com papel premium e embrulhadas tamb\u00e9m em papel. Resistentes e duradouras em bebidas frias. Perfeitas para cocktails frios e refrigerantes. Fabricadas no Reino Unido, a partir de papel de origem sustent\u00e1vel.<\/p>\n","protected":false},"featured_media":9426,"template":"","meta":{"_joinchat":[]},"product_cat":[235,279,239,246,248],"product_tag":[],"class_list":["post-7358","product","type-product","status-publish","has-post-thumbnail","hentry","product_cat-delivery-e-takeaway","product_cat-horeca","product_cat-linha-fast-street-finger-food","product_cat-linha-pastelaria","product_cat-palhinhas","product_marca-vegware","material-cartao","certificados-astm-d6400","certificados-bpi-compostable","certificados-contacto-alimentar","certificados-en13432","certificados-fsc","certificados-tuv-austria-ok-compost"],"_links":{"self":[{"href":"https:\/\/www.triecologic.pt\/es\/wp-json\/wp\/v2\/product\/7358","targetHints":{"allow":["GET"]}}],"collection":[{"href":"https:\/\/www.triecologic.pt\/es\/wp-json\/wp\/v2\/product"}],"about":[{"href":"https:\/\/www.triecologic.pt\/es\/wp-json\/wp\/v2\/types\/product"}],"wp:featuredmedia":[{"embeddable":true,"href":"https:\/\/www.triecologic.pt\/es\/wp-json\/wp\/v2\/media\/9426"}],"wp:attachment":[{"href":"https:\/\/www.triecologic.pt\/es\/wp-json\/wp\/v2\/media?parent=7358"}],"wp:term":[{"taxonomy":"product_cat","embeddable":true,"href":"https:\/\/www.triecologic.pt\/es\/wp-json\/wp\/v2\/product_cat?post=7358"},{"taxonomy":"product_tag","embeddable":true,"href":"https:\/\/www.triecologic.pt\/es\/wp-json\/wp\/v2\/product_tag?post=7358"}],"curies":[{"name":"wp","href":"https:\/\/api.w.org\/{rel}","templated":true}]}}