{"id":6854,"date":"2022-02-09T13:00:35","date_gmt":"2022-02-09T13:00:35","guid":{"rendered":"https:\/\/www.triecologic.pt\/?post_type=product&#038;p=6854"},"modified":"2023-04-03T18:42:34","modified_gmt":"2023-04-03T18:42:34","slug":"12oz-soup-container-115-series","status":"publish","type":"product","link":"https:\/\/www.triecologic.pt\/es\/produto\/12oz-soup-container-115-series\/","title":{"rendered":"Pote em cart\u00e3o branco de 360 ml"},"content":{"rendered":"<p class=\"qtranxs-available-languages-message qtranxs-available-languages-message-es\">Disculpa, pero esta entrada est\u00e1 disponible s\u00f3lo en <a href=\"https:\/\/www.triecologic.pt\/pt\/wp-json\/wp\/v2\/product\/6854\" class=\"qtranxs-available-language-link qtranxs-available-language-link-pt\" title=\"Portugu\u00eas\">Portugu\u00eas<\/a>.<\/p>Vers\u00e1teis potes compost\u00e1veis para comida quente ou fria, tais como gelados, iogurte, massas, sopas ou sanckcs de fruta ou legumes. Ideais para take-away ou delivery, pois t\u00eam tampas pr\u00f3prias correspondentes muito vedantes (planas ou em c\u00fapula) tamb\u00e9m compost\u00e1veis. Cart\u00e3o de origem sustent\u00e1vel, com um revestimento em PLA &#8211; biopol\u00edmero feito \u00e0 base de plantas e n\u00e3o do petr\u00f3leo.","protected":false},"excerpt":{"rendered":"<p>Disculpa, pero esta entrada est\u00e1 disponible s\u00f3lo en Portugu\u00eas.Vers\u00e1teis potes compost\u00e1veis para comida quente ou fria, tais como gelados, iogurte, massas, sopas ou sanckcs de fruta ou legumes. Ideais para take-away ou delivery, pois t\u00eam tampas pr\u00f3prias correspondentes muito vedantes (planas ou em c\u00fapula) tamb\u00e9m compost\u00e1veis. Cart\u00e3o de origem sustent\u00e1vel, com um revestimento em PLA [&hellip;]<\/p>\n","protected":false},"featured_media":9420,"template":"","meta":{"_joinchat":[]},"product_cat":[283,241,236,235,279,239,240,238,237,234],"product_tag":[],"class_list":["post-6854","product","type-product","status-publish","has-post-thumbnail","hentry","product_cat-agricultura","product_cat-caixas-papel","product_cat-catering","product_cat-delivery-e-takeaway","product_cat-horeca","product_cat-linha-fast-street-finger-food","product_cat-linha-geladaria","product_cat-linha-sushi","product_cat-saladas","product_cat-sopas-e-sobremesas","product_marca-vegware","material-cartao","certificados-fsc","certificados-astm-d6400","certificados-bpi-compostable","certificados-contacto-alimentar","certificados-en13432","certificados-tuv-austria-ok-compost"],"_links":{"self":[{"href":"https:\/\/www.triecologic.pt\/es\/wp-json\/wp\/v2\/product\/6854","targetHints":{"allow":["GET"]}}],"collection":[{"href":"https:\/\/www.triecologic.pt\/es\/wp-json\/wp\/v2\/product"}],"about":[{"href":"https:\/\/www.triecologic.pt\/es\/wp-json\/wp\/v2\/types\/product"}],"wp:featuredmedia":[{"embeddable":true,"href":"https:\/\/www.triecologic.pt\/es\/wp-json\/wp\/v2\/media\/9420"}],"wp:attachment":[{"href":"https:\/\/www.triecologic.pt\/es\/wp-json\/wp\/v2\/media?parent=6854"}],"wp:term":[{"taxonomy":"product_cat","embeddable":true,"href":"https:\/\/www.triecologic.pt\/es\/wp-json\/wp\/v2\/product_cat?post=6854"},{"taxonomy":"product_tag","embeddable":true,"href":"https:\/\/www.triecologic.pt\/es\/wp-json\/wp\/v2\/product_tag?post=6854"}],"curies":[{"name":"wp","href":"https:\/\/api.w.org\/{rel}","templated":true}]}}