{"id":10366,"date":"2023-05-12T11:26:59","date_gmt":"2023-05-12T11:26:59","guid":{"rendered":"https:\/\/www.triecologic.pt\/?post_type=product&#038;p=10366"},"modified":"2023-05-12T11:58:42","modified_gmt":"2023-05-12T11:58:42","slug":"guardanapo-kraft-33-cm-folha-dupla-cor-natural","status":"publish","type":"product","link":"https:\/\/www.triecologic.pt\/es\/produto\/guardanapo-kraft-33-cm-folha-dupla-cor-natural\/","title":{"rendered":"Guardanapo kraft 33 cm folha dupla cor natural"},"content":{"rendered":"<p class=\"qtranxs-available-languages-message qtranxs-available-languages-message-es\">Disculpa, pero esta entrada est\u00e1 disponible s\u00f3lo en <a href=\"https:\/\/www.triecologic.pt\/pt\/wp-json\/wp\/v2\/product\/10366\" class=\"qtranxs-available-language-link qtranxs-available-language-link-pt\" title=\"Portugu\u00eas\">Portugu\u00eas<\/a>.<\/p>O popular guardanapo quadrado de folha dupla com 33 cm. Muito resistente, com um toque muito suave, pr\u00e1tico e absorvente.","protected":false},"excerpt":{"rendered":"<p>Disculpa, pero esta entrada est\u00e1 disponible s\u00f3lo en Portugu\u00eas.O popular guardanapo quadrado de folha dupla com 33 cm. Muito resistente, com um toque muito suave, pr\u00e1tico e absorvente.<\/p>\n","protected":false},"featured_media":10368,"template":"","meta":{"_joinchat":[]},"product_cat":[265],"product_tag":[],"class_list":["post-10366","product","type-product","status-publish","has-post-thumbnail","hentry","product_cat-guardanapos-e-rolos-papel","product_marca-vegware","material-papel","certificados-bpi-compostable","certificados-contacto-alimentar","certificados-en13432","certificados-fsc"],"_links":{"self":[{"href":"https:\/\/www.triecologic.pt\/es\/wp-json\/wp\/v2\/product\/10366","targetHints":{"allow":["GET"]}}],"collection":[{"href":"https:\/\/www.triecologic.pt\/es\/wp-json\/wp\/v2\/product"}],"about":[{"href":"https:\/\/www.triecologic.pt\/es\/wp-json\/wp\/v2\/types\/product"}],"wp:featuredmedia":[{"embeddable":true,"href":"https:\/\/www.triecologic.pt\/es\/wp-json\/wp\/v2\/media\/10368"}],"wp:attachment":[{"href":"https:\/\/www.triecologic.pt\/es\/wp-json\/wp\/v2\/media?parent=10366"}],"wp:term":[{"taxonomy":"product_cat","embeddable":true,"href":"https:\/\/www.triecologic.pt\/es\/wp-json\/wp\/v2\/product_cat?post=10366"},{"taxonomy":"product_tag","embeddable":true,"href":"https:\/\/www.triecologic.pt\/es\/wp-json\/wp\/v2\/product_tag?post=10366"}],"curies":[{"name":"wp","href":"https:\/\/api.w.org\/{rel}","templated":true}]}}