{"id":10293,"date":"2023-04-13T15:29:35","date_gmt":"2023-04-13T15:29:35","guid":{"rendered":"https:\/\/www.triecologic.pt\/?post_type=product&#038;p=10293"},"modified":"2023-06-06T08:54:33","modified_gmt":"2023-06-06T08:54:33","slug":"saco-grande-com-alcas-100-kraft","status":"publish","type":"product","link":"https:\/\/www.triecologic.pt\/es\/produto\/saco-grande-com-alcas-100-kraft\/","title":{"rendered":"Saco Grande com al\u00e7as (100% kraft)"},"content":{"rendered":"<p class=\"qtranxs-available-languages-message qtranxs-available-languages-message-es\">Disculpa, pero esta entrada est\u00e1 disponible s\u00f3lo en <a href=\"https:\/\/www.triecologic.pt\/pt\/wp-json\/wp\/v2\/product\/10293\" class=\"qtranxs-available-language-link qtranxs-available-language-link-pt\" title=\"Portugu\u00eas\">Portugu\u00eas<\/a>.<\/p>Estes sacos de papel s\u00e3o feitos em papel kraft reciclado e s\u00e3o completamente compost\u00e1veis. A al\u00e7a larga e interna torna um transporte mais resistente e agrad\u00e1vel.","protected":false},"excerpt":{"rendered":"<p>Disculpa, pero esta entrada est\u00e1 disponible s\u00f3lo en Portugu\u00eas.Estes sacos de papel s\u00e3o feitos em papel kraft reciclado e s\u00e3o completamente compost\u00e1veis. A al\u00e7a larga e interna torna um transporte mais resistente e agrad\u00e1vel.<\/p>\n","protected":false},"featured_media":10294,"template":"","meta":{"_joinchat":[]},"product_cat":[283,260,235,279,256],"product_tag":[],"class_list":["post-10293","product","type-product","status-publish","has-post-thumbnail","hentry","product_cat-agricultura","product_cat-caixas-e-sacos-transporte","product_cat-delivery-e-takeaway","product_cat-horeca","product_cat-sacos","product_marca-vegware","material-papel","certificados-bpi-compostable","certificados-contacto-alimentar","certificados-en13432","certificados-fsc"],"_links":{"self":[{"href":"https:\/\/www.triecologic.pt\/es\/wp-json\/wp\/v2\/product\/10293","targetHints":{"allow":["GET"]}}],"collection":[{"href":"https:\/\/www.triecologic.pt\/es\/wp-json\/wp\/v2\/product"}],"about":[{"href":"https:\/\/www.triecologic.pt\/es\/wp-json\/wp\/v2\/types\/product"}],"wp:featuredmedia":[{"embeddable":true,"href":"https:\/\/www.triecologic.pt\/es\/wp-json\/wp\/v2\/media\/10294"}],"wp:attachment":[{"href":"https:\/\/www.triecologic.pt\/es\/wp-json\/wp\/v2\/media?parent=10293"}],"wp:term":[{"taxonomy":"product_cat","embeddable":true,"href":"https:\/\/www.triecologic.pt\/es\/wp-json\/wp\/v2\/product_cat?post=10293"},{"taxonomy":"product_tag","embeddable":true,"href":"https:\/\/www.triecologic.pt\/es\/wp-json\/wp\/v2\/product_tag?post=10293"}],"curies":[{"name":"wp","href":"https:\/\/api.w.org\/{rel}","templated":true}]}}