{"id":10253,"date":"2023-03-27T17:39:52","date_gmt":"2023-03-27T17:39:52","guid":{"rendered":"https:\/\/www.triecologic.pt\/?post_type=product&#038;p=10253"},"modified":"2023-04-11T21:44:58","modified_gmt":"2023-04-11T21:44:58","slug":"tampa-redonda-creme-com-abas-de-fecho-isolante","status":"publish","type":"product","link":"https:\/\/www.triecologic.pt\/es\/produto\/tampa-redonda-creme-com-abas-de-fecho-isolante\/","title":{"rendered":"Tampa redonda creme com abas de fecho isolante"},"content":{"rendered":"<p class=\"qtranxs-available-languages-message qtranxs-available-languages-message-es\">Disculpa, pero esta entrada est\u00e1 disponible s\u00f3lo en <a href=\"https:\/\/www.triecologic.pt\/pt\/wp-json\/wp\/v2\/product\/10253\" class=\"qtranxs-available-language-link qtranxs-available-language-link-pt\" title=\"Portugu\u00eas\">Portugu\u00eas<\/a>.<\/p>Tampa redonda com abas para um perfeito isolamento e anti-derrame. Encaixa na base 15548. Cor: cru\/bege. Fibras recicladas de cana-de-a\u00e7\u00facar.","protected":false},"excerpt":{"rendered":"<p>Disculpa, pero esta entrada est\u00e1 disponible s\u00f3lo en Portugu\u00eas.Tampa redonda com abas para um perfeito isolamento e anti-derrame. Encaixa na base 15548. Cor: cru\/bege. Fibras recicladas de cana-de-a\u00e7\u00facar.<\/p>\n","protected":false},"featured_media":10254,"template":"","meta":{"_joinchat":[]},"product_cat":[279,259,242,235,240,257,246,238,237,234,331],"product_tag":[],"class_list":["post-10253","product","type-product","status-publish","has-post-thumbnail","hentry","product_cat-horeca","product_cat-bowls","product_cat-caixas-refeicao","product_cat-delivery-e-takeaway","product_cat-linha-geladaria","product_cat-linha-gourmet","product_cat-linha-pastelaria","product_cat-linha-sushi","product_cat-saladas","product_cat-sopas-e-sobremesas","product_cat-produtos-zero","product_marca-naturesse","material-cana-de-acucar","certificados-contacto-alimentar","certificados-en13432"],"_links":{"self":[{"href":"https:\/\/www.triecologic.pt\/es\/wp-json\/wp\/v2\/product\/10253","targetHints":{"allow":["GET"]}}],"collection":[{"href":"https:\/\/www.triecologic.pt\/es\/wp-json\/wp\/v2\/product"}],"about":[{"href":"https:\/\/www.triecologic.pt\/es\/wp-json\/wp\/v2\/types\/product"}],"wp:featuredmedia":[{"embeddable":true,"href":"https:\/\/www.triecologic.pt\/es\/wp-json\/wp\/v2\/media\/10254"}],"wp:attachment":[{"href":"https:\/\/www.triecologic.pt\/es\/wp-json\/wp\/v2\/media?parent=10253"}],"wp:term":[{"taxonomy":"product_cat","embeddable":true,"href":"https:\/\/www.triecologic.pt\/es\/wp-json\/wp\/v2\/product_cat?post=10253"},{"taxonomy":"product_tag","embeddable":true,"href":"https:\/\/www.triecologic.pt\/es\/wp-json\/wp\/v2\/product_tag?post=10253"}],"curies":[{"name":"wp","href":"https:\/\/api.w.org\/{rel}","templated":true}]}}