{"id":10235,"date":"2023-03-27T11:23:32","date_gmt":"2023-03-27T11:23:32","guid":{"rendered":"https:\/\/www.triecologic.pt\/?post_type=product&#038;p=10235"},"modified":"2023-05-12T11:58:46","modified_gmt":"2023-05-12T11:58:46","slug":"guardanapo-kraft-24-cm-folha-dupla-cor-natural","status":"publish","type":"product","link":"https:\/\/www.triecologic.pt\/es\/produto\/guardanapo-kraft-24-cm-folha-dupla-cor-natural\/","title":{"rendered":"Guardanapo kraft 24 cm folha dupla cor natural"},"content":{"rendered":"<p class=\"qtranxs-available-languages-message qtranxs-available-languages-message-es\">Disculpa, pero esta entrada est\u00e1 disponible s\u00f3lo en <a href=\"https:\/\/www.triecologic.pt\/pt\/wp-json\/wp\/v2\/product\/10235\" class=\"qtranxs-available-language-link qtranxs-available-language-link-pt\" title=\"Portugu\u00eas\">Portugu\u00eas<\/a>.<\/p>Guardanapo kraft naturais eco-friendly feitos a partir de fibras recicladas. Toque suave, pr\u00e1ticos e absorventes. Tamanho usado para servir cocktails.","protected":false},"excerpt":{"rendered":"<p>Disculpa, pero esta entrada est\u00e1 disponible s\u00f3lo en Portugu\u00eas.Guardanapo kraft naturais eco-friendly feitos a partir de fibras recicladas. Toque suave, pr\u00e1ticos e absorventes. Tamanho usado para servir cocktails.<\/p>\n","protected":false},"featured_media":10237,"template":"","meta":{"_joinchat":[]},"product_cat":[245,236,235,265,279,239,240,246],"product_tag":[],"class_list":["post-10235","product","type-product","status-publish","has-post-thumbnail","hentry","product_cat-warps-e-sanduiches","product_cat-catering","product_cat-delivery-e-takeaway","product_cat-guardanapos-e-rolos-papel","product_cat-horeca","product_cat-linha-fast-street-finger-food","product_cat-linha-geladaria","product_cat-linha-pastelaria","product_marca-vegware","material-papel","certificados-contacto-alimentar","certificados-en13432"],"_links":{"self":[{"href":"https:\/\/www.triecologic.pt\/es\/wp-json\/wp\/v2\/product\/10235","targetHints":{"allow":["GET"]}}],"collection":[{"href":"https:\/\/www.triecologic.pt\/es\/wp-json\/wp\/v2\/product"}],"about":[{"href":"https:\/\/www.triecologic.pt\/es\/wp-json\/wp\/v2\/types\/product"}],"wp:featuredmedia":[{"embeddable":true,"href":"https:\/\/www.triecologic.pt\/es\/wp-json\/wp\/v2\/media\/10237"}],"wp:attachment":[{"href":"https:\/\/www.triecologic.pt\/es\/wp-json\/wp\/v2\/media?parent=10235"}],"wp:term":[{"taxonomy":"product_cat","embeddable":true,"href":"https:\/\/www.triecologic.pt\/es\/wp-json\/wp\/v2\/product_cat?post=10235"},{"taxonomy":"product_tag","embeddable":true,"href":"https:\/\/www.triecologic.pt\/es\/wp-json\/wp\/v2\/product_tag?post=10235"}],"curies":[{"name":"wp","href":"https:\/\/api.w.org\/{rel}","templated":true}]}}