{"id":7832,"date":"2022-08-19T11:07:44","date_gmt":"2022-08-19T11:07:44","guid":{"rendered":"https:\/\/www.triecologic.pt\/?page_id=7832"},"modified":"2022-10-30T19:40:37","modified_gmt":"2022-10-30T19:40:37","slug":"amostras","status":"publish","type":"page","link":"https:\/\/www.triecologic.pt\/es\/amostras\/","title":{"rendered":"Amostras"},"content":{"rendered":"<p class=\"qtranxs-available-languages-message qtranxs-available-languages-message-es\">Disculpa, pero esta entrada est\u00e1 disponible s\u00f3lo en <a href=\"https:\/\/www.triecologic.pt\/pt\/wp-json\/wp\/v2\/pages\/7832\" class=\"qtranxs-available-language-link qtranxs-available-language-link-pt\" title=\"Portugu\u00eas\">Portugu\u00eas<\/a>.<\/p><div class=\"wpb-content-wrapper\">[mk_page_section padding_top=\u00bb36&#8243; sidebar=\u00bbsidebar-1&#8243; first_page=\u00bbtrue\u00bb last_page=\u00bbtrue\u00bb][vc_column width=\u00bb1\/6&#8243;][\/vc_column][vc_column width=\u00bb2\/3&#8243;][mk_padding_divider][mk_fancy_title color=\u00bb#393836&#8243; size=\u00bb18&#8243; font_weight=\u00bb400&#8243; margin_bottom=\u00bb2&#8243; font_family=\u00bbnone\u00bb align=\u00bbcenter\u00bb]Podemos enviar amostras gratuitamente dos produtos que considerarem mais adequados, basta para isso que <strong>nos indique as refer\u00eancias dos produtos e a morada para onde podemos enviar as amostras.<\/strong>[\/mk_fancy_title][vc_empty_space height=\u00bb25px\u00bb][dhvc_form id=\u00bb6875&#8243;][vc_empty_space height=\u00bb25px\u00bb][\/vc_column][vc_column width=\u00bb1\/6&#8243;][\/vc_column][\/mk_page_section][mk_page_section bg_color=\u00bb#f6fbf4&#8243; padding_top=\u00bb36&#8243; sidebar=\u00bbsidebar-1&#8243; first_page=\u00bbtrue\u00bb last_page=\u00bbtrue\u00bb][vc_column width=\u00bb1\/6&#8243;][\/vc_column][vc_column width=\u00bb2\/3&#8243;][vc_empty_space height=\u00bb25px\u00bb][vc_column_text]<strong><span style=\"color: #000000;\">TRIPONTO &#8211; Servi\u00e7os Comerciais, Lda.<\/span><\/strong><\/p>\n<p><span style=\"color: #000000;\"><strong>Morada<\/strong><\/span><br \/>\n<span style=\"color: #000000;\"> Av. Elias Garcia, 176, 2\u00baEsq<\/span><br \/>\n<span style=\"color: #000000;\"> 1050-103 Lisboa<\/span><br \/>\n<span style=\"color: #000000;\"> Portugal<\/span><\/p>\n<p><span style=\"color: #000000;\"><strong>Telefone: <\/strong><\/span><span style=\"color: #000000;\">+351 244 831 466<br \/>\n<strong>Email: <\/strong><\/span><span style=\"color: #000000;\"><a href=\"mailto:info@triponto.pt\">info@triponto.pt<\/a><br \/>\n<strong>Telem\u00f3vel: <\/strong><span style=\"color: #000000;\">+351 <\/span>961 941 163<\/span><\/p>\n<p><strong>\u00a0<\/strong>[\/vc_column_text][\/vc_column][vc_column width=\u00bb1\/6&#8243;][\/vc_column][\/mk_page_section][vc_row disable_element=\u00bbyes\u00bb][vc_column][mk_fancy_title color=\u00bb#393836&#8243; size=\u00bb18&#8243; font_weight=\u00bb400&#8243; margin_bottom=\u00bb2&#8243; font_family=\u00bbnone\u00bb align=\u00bbcenter\u00bb]Tem alguma quest\u00e3o sobre os nossos produtos? Pretende receber amostras?<br \/>\nEnvie-nos uma mensagem, responderemos o mais brevemente poss\u00edvel.[\/mk_fancy_title][\/vc_column][\/vc_row]\n<\/div>","protected":false},"excerpt":{"rendered":"<p>Disculpa, pero esta entrada est\u00e1 disponible s\u00f3lo en Portugu\u00eas.[mk_page_section padding_top=\u00bb36&#8243; sidebar=\u00bbsidebar-1&#8243; first_page=\u00bbtrue\u00bb last_page=\u00bbtrue\u00bb][vc_column width=\u00bb1\/6&#8243;][\/vc_column][vc_column width=\u00bb2\/3&#8243;][mk_padding_divider][mk_fancy_title color=\u00bb#393836&#8243; size=\u00bb18&#8243; font_weight=\u00bb400&#8243; margin_bottom=\u00bb2&#8243; font_family=\u00bbnone\u00bb align=\u00bbcenter\u00bb]Podemos enviar amostras gratuitamente dos produtos que considerarem mais adequados, basta para isso que nos indique as refer\u00eancias dos produtos e a morada para onde podemos enviar as amostras.[\/mk_fancy_title][vc_empty_space height=\u00bb25px\u00bb][dhvc_form id=\u00bb6875&#8243;][vc_empty_space height=\u00bb25px\u00bb][\/vc_column][vc_column width=\u00bb1\/6&#8243;][\/vc_column][\/mk_page_section][mk_page_section bg_color=\u00bb#f6fbf4&#8243; padding_top=\u00bb36&#8243; [&hellip;]<\/p>\n","protected":false},"author":2,"featured_media":0,"parent":0,"menu_order":0,"comment_status":"closed","ping_status":"closed","template":"","meta":{"_joinchat":[],"footnotes":""},"class_list":["post-7832","page","type-page","status-publish","hentry"],"_links":{"self":[{"href":"https:\/\/www.triecologic.pt\/es\/wp-json\/wp\/v2\/pages\/7832","targetHints":{"allow":["GET"]}}],"collection":[{"href":"https:\/\/www.triecologic.pt\/es\/wp-json\/wp\/v2\/pages"}],"about":[{"href":"https:\/\/www.triecologic.pt\/es\/wp-json\/wp\/v2\/types\/page"}],"author":[{"embeddable":true,"href":"https:\/\/www.triecologic.pt\/es\/wp-json\/wp\/v2\/users\/2"}],"replies":[{"embeddable":true,"href":"https:\/\/www.triecologic.pt\/es\/wp-json\/wp\/v2\/comments?post=7832"}],"version-history":[{"count":0,"href":"https:\/\/www.triecologic.pt\/es\/wp-json\/wp\/v2\/pages\/7832\/revisions"}],"wp:attachment":[{"href":"https:\/\/www.triecologic.pt\/es\/wp-json\/wp\/v2\/media?parent=7832"}],"curies":[{"name":"wp","href":"https:\/\/api.w.org\/{rel}","templated":true}]}}