{"id":7742,"date":"2022-06-08T16:40:17","date_gmt":"2022-06-08T16:40:17","guid":{"rendered":"https:\/\/www.triecologic.pt\/?page_id=7742"},"modified":"2023-11-07T19:30:07","modified_gmt":"2023-11-07T19:30:07","slug":"entrada-loja-industria-alimentar","status":"publish","type":"page","link":"https:\/\/www.triecologic.pt\/es\/entrada-loja-industria-alimentar\/","title":{"rendered":"Entrada Loja Ind\u00fastria Alimentar"},"content":{"rendered":"<p class=\"qtranxs-available-languages-message qtranxs-available-languages-message-es\">Disculpa, pero esta entrada est\u00e1 disponible s\u00f3lo en <a href=\"https:\/\/www.triecologic.pt\/pt\/wp-json\/wp\/v2\/pages\/7742\" class=\"qtranxs-available-language-link qtranxs-available-language-link-pt\" title=\"Portugu\u00eas\">Portugu\u00eas<\/a>.<\/p><div class=\"wpb-content-wrapper\">[vc_row][vc_column][vc_empty_space height=\u00bb5px\u00bb el_id=\u00bbindustria-alimentar\u00bb][vc_row_inner visibility=\u00bbhidden-sm\u00bb][vc_column_inner width=\u00bb1\/4&#8243;][mk_custom_box padding_vertical=\u00bb0&#8243; margin_bottom=\u00bb0&#8243; min_height=\u00bb165&#8243; bg_color=\u00bb#f9fef0&#8243;][vc_empty_space height=\u00bb18px\u00bb]<div class=\"aio-icon-component    style_3\"><a class=\"aio-icon-box-link\" href=\"\/entrada-loja-horeca\" ><div id=\"Info-box-wrap-2771\" class=\"aio-icon-box top-icon\" style=\"\"  ><div class=\"aio-icon-top\"><div class=\"ult-just-icon-wrapper  \"><div class=\"align-icon\" style=\"text-align:center;\">\n<div class=\"aio-icon-img \" style=\"font-size:60px;display:inline-block;\" data-animation=\"pulse\" data-animation-delay=\"03\">\n\t<img decoding=\"async\" class=\"img-icon\" alt=\"null\" src=\"https:\/\/www.triecologic.pt\/tripo-upload\/uploads\/2022\/05\/triec_ico-1b.png\"\/>\n<\/div><\/div><\/div><\/div><div class=\"aio-icon-header\" ><h3 class=\"aio-icon-title ult-responsive\"  data-ultimate-target='#Info-box-wrap-2771 .aio-icon-title'  data-responsive-json-new='{\"font-size\":\"desktop:17px;\",\"line-height\":\"desktop:20px;\"}'  style=\"font-family:&#039;Open Sans&#039;;font-weight:600;color:#00783b;\">HORECA<\/h3><\/div> <!-- header --><\/div> <!-- aio-icon-box --><\/a><\/div> <!-- aio-icon-component -->[vc_empty_space height=\u00bb11px\u00bb][\/mk_custom_box][vc_empty_space height=\u00bb11px\u00bb][\/vc_column_inner][vc_column_inner width=\u00bb1\/4&#8243;][mk_custom_box padding_vertical=\u00bb0&#8243; margin_bottom=\u00bb0&#8243; min_height=\u00bb165&#8243; bg_color=\u00bb#f9fef0&#8243;][vc_empty_space height=\u00bb18px\u00bb]<div class=\"aio-icon-component    style_3\"><a class=\"aio-icon-box-link\" href=\"\/entrada-loja-agricultura\" ><div id=\"Info-box-wrap-1963\" class=\"aio-icon-box top-icon\" style=\"\"  ><div class=\"aio-icon-top\"><div class=\"ult-just-icon-wrapper  \"><div class=\"align-icon\" style=\"text-align:center;\">\n<div class=\"aio-icon-img \" style=\"font-size:60px;display:inline-block;\" data-animation=\"pulse\" data-animation-delay=\"03\">\n\t<img decoding=\"async\" class=\"img-icon\" alt=\"null\" src=\"https:\/\/www.triecologic.pt\/tripo-upload\/uploads\/2022\/05\/triec_ico-2b.png\"\/>\n<\/div><\/div><\/div><\/div><div class=\"aio-icon-header\" ><h3 class=\"aio-icon-title ult-responsive\"  data-ultimate-target='#Info-box-wrap-1963 .aio-icon-title'  data-responsive-json-new='{\"font-size\":\"desktop:17px;\",\"line-height\":\"desktop:20px;\"}'  style=\"font-family:&#039;Open Sans&#039;;font-weight:600;color:#00783b;\">AGRICULTURA<\/h3><\/div> <!-- header --><\/div> <!-- aio-icon-box --><\/a><\/div> <!-- aio-icon-component -->[vc_empty_space height=\u00bb11px\u00bb][\/mk_custom_box][vc_empty_space height=\u00bb11px\u00bb][\/vc_column_inner][vc_column_inner width=\u00bb1\/4&#8243;][mk_custom_box padding_vertical=\u00bb0&#8243; margin_bottom=\u00bb0&#8243; min_height=\u00bb165&#8243; bg_color=\u00bb#00783b\u00bb drop_shadow=\u00bbtrue\u00bb][vc_empty_space height=\u00bb18px\u00bb]<div class=\"aio-icon-component    style_3\"><a class=\"aio-icon-box-link\" href=\"\/entrada-loja-industria-alimentar\" ><div id=\"Info-box-wrap-8324\" class=\"aio-icon-box top-icon\" style=\"\"  ><div class=\"aio-icon-top\"><div class=\"ult-just-icon-wrapper  \"><div class=\"align-icon\" style=\"text-align:center;\">\n<div class=\"aio-icon-img \" style=\"font-size:60px;display:inline-block;\" data-animation=\"pulse\" data-animation-delay=\"03\">\n\t<img decoding=\"async\" class=\"img-icon\" alt=\"null\" src=\"https:\/\/www.triecologic.pt\/tripo-upload\/uploads\/2022\/06\/triec_ico-3c.png\"\/>\n<\/div><\/div><\/div><\/div><div class=\"aio-icon-header\" ><h3 class=\"aio-icon-title ult-responsive\"  data-ultimate-target='#Info-box-wrap-8324 .aio-icon-title'  data-responsive-json-new='{\"font-size\":\"desktop:17px;\",\"line-height\":\"desktop:20px;\"}'  style=\"font-family:&#039;Open Sans&#039;;font-weight:600;color:#ffffff;\">IND\u00daSTRIA ALIMENTAR<\/h3><\/div> <!-- header --><\/div> <!-- aio-icon-box --><\/a><\/div> <!-- aio-icon-component -->[vc_empty_space height=\u00bb11px\u00bb][\/mk_custom_box][vc_empty_space height=\u00bb11px\u00bb][\/vc_column_inner][vc_column_inner width=\u00bb1\/4&#8243;][mk_custom_box padding_vertical=\u00bb0&#8243; margin_bottom=\u00bb\u00bb min_height=\u00bb165&#8243; bg_color=\u00bb#f9fef0&#8243;][vc_empty_space height=\u00bb10px\u00bb]<div class=\"aio-icon-component    style_3\"><a class=\"aio-icon-box-link\" href=\"\/entrada-loja-recolha-de-residuos-organicos\" ><div id=\"Info-box-wrap-9531\" class=\"aio-icon-box top-icon\" style=\"\"  ><div class=\"aio-icon-top\"><div class=\"ult-just-icon-wrapper  \"><div class=\"align-icon\" style=\"text-align:center;\">\n<div class=\"aio-icon-img \" style=\"font-size:60px;display:inline-block;\" data-animation=\"pulse\" data-animation-delay=\"03\">\n\t<img decoding=\"async\" class=\"img-icon\" alt=\"null\" src=\"https:\/\/www.triecologic.pt\/tripo-upload\/uploads\/2022\/05\/triec_ico-4b.png\"\/>\n<\/div><\/div><\/div><\/div><div class=\"aio-icon-header\" ><h3 class=\"aio-icon-title ult-responsive\"  data-ultimate-target='#Info-box-wrap-9531 .aio-icon-title'  data-responsive-json-new='{\"font-size\":\"desktop:17px;\",\"line-height\":\"desktop:20px;\"}'  style=\"font-family:&#039;Open Sans&#039;;font-weight:600;color:#00783b;\">RECOLHA RES\u00cdDUOS ORG\u00c2NICOS<\/h3><\/div> <!-- header --><\/div> <!-- aio-icon-box --><\/a><\/div> <!-- aio-icon-component -->[vc_empty_space height=\u00bb11px\u00bb][\/mk_custom_box][vc_empty_space height=\u00bb11px\u00bb][\/vc_column_inner][\/vc_row_inner][vc_row_inner visibility=\u00bbhidden-sm\u00bb][vc_column_inner][vc_empty_space height=\u00bb25px\u00bb][\/vc_column_inner][\/vc_row_inner][vc_row_inner visibility=\u00bbvisible-sm\u00bb][vc_column_inner][mk_fancy_title color=\u00bb#00783b\u00bb line_height=\u00bb205&#8243; font_weight=\u00bbbolder\u00bb txt_transform=\u00bbuppercase\u00bb font_family=\u00bbnone\u00bb align=\u00bbcenter\u00bb]<a style=\"color: #b8b8b8 !important;\" href=\"\/entrada-loja-horeca\">HORECA<\/a><br \/>\n<a style=\"color: #b8b8b8 !important;\" href=\"\/entrada-loja-agricultura\">AGRICULTURA<\/a><br \/>\n<a style=\"font-size: 1.4em !important; line-height: 1.9em !important;\" href=\"\/entrada-loja-industria-alimentar\">IND\u00daSTRIA ALIMENTAR<\/a><br \/>\n<a style=\"color: #b8b8b8 !important;\" href=\"\/entrada-loja-recolha-de-residuos-organicos\">RECOLHA RES\u00cdDUOS ORG\u00c2NICOS<\/a>[\/mk_fancy_title][\/vc_column_inner][\/vc_row_inner][\/vc_column][\/vc_row][vc_row][vc_column][vc_empty_space height=\u00bb25px\u00bb][vc_row_inner][vc_column_inner width=\u00bb1\/6&#8243; css=\u00bb.vc_custom_1654687530115{margin-bottom: 5px !important;padding-bottom: 5px !important;}\u00bb]<div class=\"aio-icon-component    style_1\"><a class=\"aio-icon-box-link\" href=\"\/loja\/cat-maquina-termoselagem\" ><div id=\"Info-box-wrap-9245\" class=\"aio-icon-box square_box-icon\" style=\"border-color:#e8e8e8;border-style:solid;border-width:1px;background-color:#ffffff;\" data-min-height='140px' ><div class=\"aio-icon-square_box\"><div class=\"ult-just-icon-wrapper  \"><div class=\"align-icon\" style=\"text-align:center;\">\n<div class=\"aio-icon-img \" style=\"font-size:95px;background:#ffffff;display:inline-block;\" >\n\t<img decoding=\"async\" class=\"img-icon\" alt=\"null\" src=\"https:\/\/www.triecologic.pt\/tripo-upload\/uploads\/2022\/09\/triecologic_tss101-r_1_semfundo.jpg\"\/>\n<\/div><\/div><\/div><\/div><div class=\"aio-icon-header\" ><h3 class=\"aio-icon-title ult-responsive\"  data-ultimate-target='#Info-box-wrap-9245 .aio-icon-title'  data-responsive-json-new='{\"font-size\":\"desktop:16px;\",\"line-height\":\"desktop:21px;\"}'  style=\"font-family:&#039;Open Sans&#039;;font-weight:500;color:#00783b;\">M\u00e1quinas termoselagem<\/h3><\/div> <!-- header --><\/div> <!-- aio-icon-box --><\/a><\/div> <!-- aio-icon-component -->[vc_empty_space height=\u00bb30px\u00bb][\/vc_column_inner][vc_column_inner width=\u00bb1\/6&#8243; css=\u00bb.vc_custom_1654687536360{margin-bottom: 5px !important;padding-bottom: 5px !important;}\u00bb]<div class=\"aio-icon-component    style_1\"><a class=\"aio-icon-box-link\" href=\"\/loja\/cat-biofilmes\" ><div id=\"Info-box-wrap-3735\" class=\"aio-icon-box square_box-icon\" style=\"border-color:#e8e8e8;border-style:solid;border-width:1px;background-color:#ffffff;\" data-min-height='140px' ><div class=\"aio-icon-header\" ><h3 class=\"aio-icon-title ult-responsive\"  data-ultimate-target='#Info-box-wrap-3735 .aio-icon-title'  data-responsive-json-new='{\"font-size\":\"desktop:16px;\",\"line-height\":\"desktop:21px;\"}'  style=\"font-family:&#039;Open Sans&#039;;font-weight:500;color:#00783b;\">Biofilmes<\/h3><\/div> <!-- header --><\/div> <!-- aio-icon-box --><\/a><\/div> <!-- aio-icon-component -->[vc_empty_space height=\u00bb30px\u00bb][\/vc_column_inner][vc_column_inner width=\u00bb1\/6&#8243; css=\u00bb.vc_custom_1654687543495{margin-bottom: 5px !important;padding-bottom: 5px !important;}\u00bb]<div class=\"aio-icon-component    style_1\"><a class=\"aio-icon-box-link\" href=\"\/loja\/cat-cuvetes\" ><div id=\"Info-box-wrap-1145\" class=\"aio-icon-box square_box-icon\" style=\"border-color:#e8e8e8;border-style:solid;border-width:1px;background-color:#ffffff;\" data-min-height='140px' ><div class=\"aio-icon-square_box\"><div class=\"ult-just-icon-wrapper  \"><div class=\"align-icon\" style=\"text-align:center;\">\n<div class=\"aio-icon-img \" style=\"font-size:95px;background:#ffffff;display:inline-block;\" >\n\t<img decoding=\"async\" class=\"img-icon\" alt=\"null\" src=\"https:\/\/www.triecologic.pt\/tripo-upload\/uploads\/2022\/05\/triecologic_21185_1.jpg\"\/>\n<\/div><\/div><\/div><\/div><div class=\"aio-icon-header\" ><h3 class=\"aio-icon-title ult-responsive\"  data-ultimate-target='#Info-box-wrap-1145 .aio-icon-title'  data-responsive-json-new='{\"font-size\":\"desktop:16px;\",\"line-height\":\"desktop:21px;\"}'  style=\"font-family:&#039;Open Sans&#039;;font-weight:500;color:#00783b;\">Cuvetes<\/h3><\/div> <!-- header --><\/div> <!-- aio-icon-box --><\/a><\/div> <!-- aio-icon-component -->[vc_empty_space height=\u00bb30px\u00bb][\/vc_column_inner][vc_column_inner width=\u00bb1\/6&#8243; css=\u00bb.vc_custom_1654687548826{margin-bottom: 5px !important;padding-bottom: 5px !important;}\u00bb]<div class=\"aio-icon-component    style_1\"><a class=\"aio-icon-box-link\" href=\"\/loja\/cat-sacos-lixo-industria-alimentar\" ><div id=\"Info-box-wrap-9319\" class=\"aio-icon-box square_box-icon\" style=\"border-color:#e8e8e8;border-style:solid;border-width:1px;background-color:#ffffff;\" data-min-height='140px' ><div class=\"aio-icon-square_box\"><div class=\"ult-just-icon-wrapper  \"><div class=\"align-icon\" style=\"text-align:center;\">\n<div class=\"aio-icon-img \" style=\"font-size:95px;background:#ffffff;display:inline-block;\" >\n\t<img decoding=\"async\" class=\"img-icon\" alt=\"null\" src=\"https:\/\/www.triecologic.pt\/tripo-upload\/uploads\/2022\/09\/triecologic_vbl-80_1_loja.jpg\"\/>\n<\/div><\/div><\/div><\/div><div class=\"aio-icon-header\" ><h3 class=\"aio-icon-title ult-responsive\"  data-ultimate-target='#Info-box-wrap-9319 .aio-icon-title'  data-responsive-json-new='{\"font-size\":\"desktop:16px;\",\"line-height\":\"desktop:21px;\"}'  style=\"font-family:&#039;Open Sans&#039;;font-weight:500;color:#00783b;\">Sacos Lixo<\/h3><\/div> <!-- header --><\/div> <!-- aio-icon-box --><\/a><\/div> <!-- aio-icon-component -->[vc_empty_space height=\u00bb30px\u00bb][\/vc_column_inner][vc_column_inner width=\u00bb1\/6&#8243; css=\u00bb.vc_custom_1654687553834{margin-bottom: 5px !important;padding-bottom: 5px !important;}\u00bb]<div class=\"aio-icon-component    style_1\"><a class=\"aio-icon-box-link\" href=\"\/loja\/cat-luvas-industria-alimentar\" ><div id=\"Info-box-wrap-4594\" class=\"aio-icon-box square_box-icon\" style=\"border-color:#e8e8e8;border-style:solid;border-width:1px;background-color:#ffffff;\" data-min-height='140px' ><div class=\"aio-icon-square_box\"><div class=\"ult-just-icon-wrapper  \"><div class=\"align-icon\" style=\"text-align:center;\">\n<div class=\"aio-icon-img \" style=\"font-size:95px;background:#ffffff;display:inline-block;\" >\n\t<img decoding=\"async\" class=\"img-icon\" alt=\"null\" src=\"https:\/\/www.triecologic.pt\/tripo-upload\/uploads\/2022\/05\/triecologic_vgl-m_1.jpg\"\/>\n<\/div><\/div><\/div><\/div><div class=\"aio-icon-header\" ><h3 class=\"aio-icon-title ult-responsive\"  data-ultimate-target='#Info-box-wrap-4594 .aio-icon-title'  data-responsive-json-new='{\"font-size\":\"desktop:16px;\",\"line-height\":\"desktop:21px;\"}'  style=\"font-family:&#039;Open Sans&#039;;font-weight:500;color:#00783b;\">Luvas<\/h3><\/div> <!-- header --><\/div> <!-- aio-icon-box --><\/a><\/div> <!-- aio-icon-component -->[vc_empty_space height=\u00bb30px\u00bb][\/vc_column_inner][vc_column_inner width=\u00bb1\/6&#8243; css=\u00bb.vc_custom_1654687558657{margin-bottom: 5px !important;padding-bottom: 5px !important;}\u00bb][\/vc_column_inner][\/vc_row_inner][\/vc_column][\/vc_row]\n<\/div>","protected":false},"excerpt":{"rendered":"<p>Disculpa, pero esta entrada est\u00e1 disponible s\u00f3lo en Portugu\u00eas.[vc_row][vc_column][vc_empty_space height=\u00bb5px\u00bb el_id=\u00bbindustria-alimentar\u00bb][vc_row_inner visibility=\u00bbhidden-sm\u00bb][vc_column_inner width=\u00bb1\/4&#8243;][mk_custom_box padding_vertical=\u00bb0&#8243; margin_bottom=\u00bb0&#8243; min_height=\u00bb165&#8243; bg_color=\u00bb#f9fef0&#8243;][vc_empty_space height=\u00bb18px\u00bb][vc_empty_space height=\u00bb11px\u00bb][\/mk_custom_box][vc_empty_space height=\u00bb11px\u00bb][\/vc_column_inner][vc_column_inner width=\u00bb1\/4&#8243;][mk_custom_box padding_vertical=\u00bb0&#8243; margin_bottom=\u00bb0&#8243; min_height=\u00bb165&#8243; bg_color=\u00bb#f9fef0&#8243;][vc_empty_space height=\u00bb18px\u00bb][vc_empty_space height=\u00bb11px\u00bb][\/mk_custom_box][vc_empty_space height=\u00bb11px\u00bb][\/vc_column_inner][vc_column_inner width=\u00bb1\/4&#8243;][mk_custom_box padding_vertical=\u00bb0&#8243; margin_bottom=\u00bb0&#8243; min_height=\u00bb165&#8243; bg_color=\u00bb#00783b\u00bb drop_shadow=\u00bbtrue\u00bb][vc_empty_space height=\u00bb18px\u00bb][vc_empty_space height=\u00bb11px\u00bb][\/mk_custom_box][vc_empty_space height=\u00bb11px\u00bb][\/vc_column_inner][vc_column_inner width=\u00bb1\/4&#8243;][mk_custom_box padding_vertical=\u00bb0&#8243; margin_bottom=\u00bb\u00bb min_height=\u00bb165&#8243; bg_color=\u00bb#f9fef0&#8243;][vc_empty_space height=\u00bb10px\u00bb][vc_empty_space height=\u00bb11px\u00bb][\/mk_custom_box][vc_empty_space height=\u00bb11px\u00bb][\/vc_column_inner][\/vc_row_inner][vc_row_inner visibility=\u00bbhidden-sm\u00bb][vc_column_inner][vc_empty_space height=\u00bb25px\u00bb][\/vc_column_inner][\/vc_row_inner][vc_row_inner visibility=\u00bbvisible-sm\u00bb][vc_column_inner][mk_fancy_title color=\u00bb#00783b\u00bb line_height=\u00bb205&#8243; font_weight=\u00bbbolder\u00bb txt_transform=\u00bbuppercase\u00bb font_family=\u00bbnone\u00bb align=\u00bbcenter\u00bb]HORECA AGRICULTURA [&hellip;]<\/p>\n","protected":false},"author":2,"featured_media":0,"parent":0,"menu_order":0,"comment_status":"closed","ping_status":"closed","template":"","meta":{"_joinchat":[],"footnotes":""},"class_list":["post-7742","page","type-page","status-publish","hentry"],"_links":{"self":[{"href":"https:\/\/www.triecologic.pt\/es\/wp-json\/wp\/v2\/pages\/7742","targetHints":{"allow":["GET"]}}],"collection":[{"href":"https:\/\/www.triecologic.pt\/es\/wp-json\/wp\/v2\/pages"}],"about":[{"href":"https:\/\/www.triecologic.pt\/es\/wp-json\/wp\/v2\/types\/page"}],"author":[{"embeddable":true,"href":"https:\/\/www.triecologic.pt\/es\/wp-json\/wp\/v2\/users\/2"}],"replies":[{"embeddable":true,"href":"https:\/\/www.triecologic.pt\/es\/wp-json\/wp\/v2\/comments?post=7742"}],"version-history":[{"count":1,"href":"https:\/\/www.triecologic.pt\/es\/wp-json\/wp\/v2\/pages\/7742\/revisions"}],"predecessor-version":[{"id":7745,"href":"https:\/\/www.triecologic.pt\/es\/wp-json\/wp\/v2\/pages\/7742\/revisions\/7745"}],"wp:attachment":[{"href":"https:\/\/www.triecologic.pt\/es\/wp-json\/wp\/v2\/media?parent=7742"}],"curies":[{"name":"wp","href":"https:\/\/api.w.org\/{rel}","templated":true}]}}