{"id":6821,"date":"2022-02-09T10:56:59","date_gmt":"2022-02-09T10:56:59","guid":{"rendered":"https:\/\/www.triecologic.pt\/carrinho\/"},"modified":"2022-10-30T23:12:04","modified_gmt":"2022-10-30T23:12:04","slug":"carrinho","status":"publish","type":"page","link":"https:\/\/www.triecologic.pt\/es\/carrinho\/","title":{"rendered":"Carrinho"},"content":{"rendered":"","protected":false},"excerpt":{"rendered":"Disculpa, pero esta entrada est\u00e1 disponible s\u00f3lo en Portugu\u00eas.","protected":false},"author":4,"featured_media":0,"parent":0,"menu_order":0,"comment_status":"closed","ping_status":"closed","template":"","meta":{"_joinchat":[],"footnotes":""},"class_list":["post-6821","page","type-page","status-publish","hentry"],"_links":{"self":[{"href":"https:\/\/www.triecologic.pt\/es\/wp-json\/wp\/v2\/pages\/6821","targetHints":{"allow":["GET"]}}],"collection":[{"href":"https:\/\/www.triecologic.pt\/es\/wp-json\/wp\/v2\/pages"}],"about":[{"href":"https:\/\/www.triecologic.pt\/es\/wp-json\/wp\/v2\/types\/page"}],"author":[{"embeddable":true,"href":"https:\/\/www.triecologic.pt\/es\/wp-json\/wp\/v2\/users\/4"}],"replies":[{"embeddable":true,"href":"https:\/\/www.triecologic.pt\/es\/wp-json\/wp\/v2\/comments?post=6821"}],"version-history":[{"count":1,"href":"https:\/\/www.triecologic.pt\/es\/wp-json\/wp\/v2\/pages\/6821\/revisions"}],"predecessor-version":[{"id":9871,"href":"https:\/\/www.triecologic.pt\/es\/wp-json\/wp\/v2\/pages\/6821\/revisions\/9871"}],"wp:attachment":[{"href":"https:\/\/www.triecologic.pt\/es\/wp-json\/wp\/v2\/media?parent=6821"}],"curies":[{"name":"wp","href":"https:\/\/api.w.org\/{rel}","templated":true}]}}