{"id":227,"date":"2014-11-30T03:52:36","date_gmt":"2014-11-30T03:52:36","guid":{"rendered":"https:\/\/www.triecologic.pt\/?page_id=227"},"modified":"2022-10-30T23:09:45","modified_gmt":"2022-10-30T23:09:45","slug":"servicos","status":"publish","type":"page","link":"https:\/\/www.triecologic.pt\/es\/servicos\/","title":{"rendered":"Servi\u00e7os e Produtos"},"content":{"rendered":"<p class=\"qtranxs-available-languages-message qtranxs-available-languages-message-es\">Disculpa, pero esta entrada est\u00e1 disponible s\u00f3lo en <a href=\"https:\/\/www.triecologic.pt\/pt\/wp-json\/wp\/v2\/pages\/227\" class=\"qtranxs-available-language-link qtranxs-available-language-link-pt\" title=\"Portugu\u00eas\">Portugu\u00eas<\/a>.<\/p><div class=\"wpb-content-wrapper\">[mk_page_section layout_structure=\u00bbfull\u00bb attachment=\u00bbscroll\u00bb bg_position=\u00bbleft top\u00bb bg_repeat=\u00bbrepeat\u00bb bg_stretch=\u00bbfalse\u00bb enable_3d=\u00bbfalse\u00bb speed_factor=\u00bb0.3&#8243; bg_video=\u00bbno\u00bb video_mask=\u00bbfalse\u00bb bg_gradient=\u00bbfalse\u00bb gr_end=\u00bb#1e73be\u00bb video_opacity=\u00bb0.6&#8243; top_shadow=\u00bbfalse\u00bb section_layout=\u00bbfull\u00bb sidebar=\u00bbsidebar-1&#8243; min_height=\u00bb100&#8243; full_width=\u00bbfalse\u00bb full_height=\u00bbfalse\u00bb intro_effect=\u00bbfalse\u00bb padding_top=\u00bb10&#8243; padding_bottom=\u00bb10&#8243; margin_bottom=\u00bb0&#8243; first_page=\u00bbtrue\u00bb last_page=\u00bbtrue\u00bb][vc_column width=\u00bb1\/1&#8243; css=\u00bb.vc_custom_1417321138452{margin-top: 50px !important;}\u00bb][vc_column_text disable_pattern=\u00bbtrue\u00bb align=\u00bbleft\u00bb margin_bottom=\u00bb0&#8243;]A Triponto tem a sua atividade focada no perfil dos seus clientes e respetivos mercados e est\u00e1 organizada nas seguintes \u00e1reas de neg\u00f3cio:[\/vc_column_text][vc_empty_space height=\u00bb20px\u00bb][layerslider_vc id=\u00bb10&#8243;][vc_empty_space height=\u00bb20px\u00bb][\/vc_column][\/mk_page_section][vc_row][vc_column width=\u00bb1\/1&#8243;][mk_padding_divider size=\u00bb85&#8243;][\/vc_column][\/vc_row]\n<\/div>","protected":false},"excerpt":{"rendered":"<p>Disculpa, pero esta entrada est\u00e1 disponible s\u00f3lo en Portugu\u00eas.[mk_page_section layout_structure=\u00bbfull\u00bb attachment=\u00bbscroll\u00bb bg_position=\u00bbleft top\u00bb bg_repeat=\u00bbrepeat\u00bb bg_stretch=\u00bbfalse\u00bb enable_3d=\u00bbfalse\u00bb speed_factor=\u00bb0.3&#8243; bg_video=\u00bbno\u00bb video_mask=\u00bbfalse\u00bb bg_gradient=\u00bbfalse\u00bb gr_end=\u00bb#1e73be\u00bb video_opacity=\u00bb0.6&#8243; top_shadow=\u00bbfalse\u00bb section_layout=\u00bbfull\u00bb sidebar=\u00bbsidebar-1&#8243; min_height=\u00bb100&#8243; full_width=\u00bbfalse\u00bb full_height=\u00bbfalse\u00bb intro_effect=\u00bbfalse\u00bb padding_top=\u00bb10&#8243; padding_bottom=\u00bb10&#8243; margin_bottom=\u00bb0&#8243; first_page=\u00bbtrue\u00bb last_page=\u00bbtrue\u00bb][vc_column width=\u00bb1\/1&#8243; css=\u00bb.vc_custom_1417321138452{margin-top: 50px !important;}\u00bb][vc_column_text disable_pattern=\u00bbtrue\u00bb align=\u00bbleft\u00bb margin_bottom=\u00bb0&#8243;]A Triponto tem a sua atividade focada no perfil dos seus clientes e respetivos mercados [&hellip;]<\/p>\n","protected":false},"author":2,"featured_media":0,"parent":0,"menu_order":0,"comment_status":"open","ping_status":"open","template":"","meta":{"_joinchat":[],"footnotes":""},"class_list":["post-227","page","type-page","status-publish","hentry"],"_links":{"self":[{"href":"https:\/\/www.triecologic.pt\/es\/wp-json\/wp\/v2\/pages\/227","targetHints":{"allow":["GET"]}}],"collection":[{"href":"https:\/\/www.triecologic.pt\/es\/wp-json\/wp\/v2\/pages"}],"about":[{"href":"https:\/\/www.triecologic.pt\/es\/wp-json\/wp\/v2\/types\/page"}],"author":[{"embeddable":true,"href":"https:\/\/www.triecologic.pt\/es\/wp-json\/wp\/v2\/users\/2"}],"replies":[{"embeddable":true,"href":"https:\/\/www.triecologic.pt\/es\/wp-json\/wp\/v2\/comments?post=227"}],"version-history":[{"count":1,"href":"https:\/\/www.triecologic.pt\/es\/wp-json\/wp\/v2\/pages\/227\/revisions"}],"predecessor-version":[{"id":228,"href":"https:\/\/www.triecologic.pt\/es\/wp-json\/wp\/v2\/pages\/227\/revisions\/228"}],"wp:attachment":[{"href":"https:\/\/www.triecologic.pt\/es\/wp-json\/wp\/v2\/media?parent=227"}],"curies":[{"name":"wp","href":"https:\/\/api.w.org\/{rel}","templated":true}]}}